{"id":2187,"date":"2022-10-26T07:48:29","date_gmt":"2022-10-26T07:48:29","guid":{"rendered":"https:\/\/trevisohome.it\/?page_id=2187"},"modified":"2025-02-03T14:22:50","modified_gmt":"2025-02-03T14:22:50","slug":"privacy-policy","status":"publish","type":"page","link":"https:\/\/www.trevisohome.it\/fr\/privacy-policy\/","title":{"rendered":"Privacy Policy"},"content":{"rendered":"[vc_row type=\u00a0\u00bbfull_width_background\u00a0\u00bb full_screen_row_position=\u00a0\u00bbmiddle\u00a0\u00bb column_margin=\u00a0\u00bbdefault\u00a0\u00bb column_direction=\u00a0\u00bbdefault\u00a0\u00bb column_direction_tablet=\u00a0\u00bbdefault\u00a0\u00bb column_direction_phone=\u00a0\u00bbdefault\u00a0\u00bb bg_color=\u00a0\u00bb#ffffff\u00a0\u00bb scene_position=\u00a0\u00bbcenter\u00a0\u00bb top_padding=\u00a0\u00bb3%\u00a0\u00bb constrain_group_1=\u00a0\u00bbyes\u00a0\u00bb bottom_padding=\u00a0\u00bb3%\u00a0\u00bb text_color=\u00a0\u00bbdark\u00a0\u00bb text_align=\u00a0\u00bbleft\u00a0\u00bb row_border_radius=\u00a0\u00bbnone\u00a0\u00bb row_border_radius_applies=\u00a0\u00bbbg\u00a0\u00bb overflow=\u00a0\u00bbvisible\u00a0\u00bb overlay_strength=\u00a0\u00bb0.3&Prime; gradient_direction=\u00a0\u00bbleft_to_right\u00a0\u00bb shape_divider_position=\u00a0\u00bbbottom\u00a0\u00bb bg_image_animation=\u00a0\u00bbnone\u00a0\u00bb gradient_type=\u00a0\u00bbdefault\u00a0\u00bb shape_type=\u00a0\u00bb\u00a0\u00bb][vc_column column_padding=\u00a0\u00bbno-extra-padding\u00a0\u00bb column_padding_tablet=\u00a0\u00bbinherit\u00a0\u00bb column_padding_phone=\u00a0\u00bbinherit\u00a0\u00bb column_padding_position=\u00a0\u00bball\u00a0\u00bb column_element_direction_desktop=\u00a0\u00bbdefault\u00a0\u00bb column_element_spacing=\u00a0\u00bbdefault\u00a0\u00bb desktop_text_alignment=\u00a0\u00bbdefault\u00a0\u00bb tablet_text_alignment=\u00a0\u00bbdefault\u00a0\u00bb phone_text_alignment=\u00a0\u00bbdefault\u00a0\u00bb background_color_opacity=\u00a0\u00bb1&Prime; background_hover_color_opacity=\u00a0\u00bb1&Prime; column_backdrop_filter=\u00a0\u00bbnone\u00a0\u00bb column_shadow=\u00a0\u00bbnone\u00a0\u00bb column_border_radius=\u00a0\u00bbnone\u00a0\u00bb column_link_target=\u00a0\u00bb_self\u00a0\u00bb column_position=\u00a0\u00bbdefault\u00a0\u00bb gradient_direction=\u00a0\u00bbleft_to_right\u00a0\u00bb overlay_strength=\u00a0\u00bb0.3&Prime; width=\u00a0\u00bb1\/1&Prime; tablet_width_inherit=\u00a0\u00bbdefault\u00a0\u00bb animation_type=\u00a0\u00bbdefault\u00a0\u00bb bg_image_animation=\u00a0\u00bbnone\u00a0\u00bb border_type=\u00a0\u00bbsimple\u00a0\u00bb column_border_width=\u00a0\u00bbnone\u00a0\u00bb column_border_style=\u00a0\u00bbsolid\u00a0\u00bb][split_line_heading animation_type=\u00a0\u00bbline-reveal-by-space\u00a0\u00bb font_style=\u00a0\u00bbh1&Prime; text_color=\u00a0\u00bb#333333&Prime; line_reveal_by_space_text_effect=\u00a0\u00bbletter-reveal-bottom\u00a0\u00bb mobile_disable_animation=\u00a0\u00bbtrue\u00a0\u00bb content_alignment=\u00a0\u00bbcenter\u00a0\u00bb mobile_content_alignment=\u00a0\u00bbinherit\u00a0\u00bb link_target=\u00a0\u00bb_self\u00a0\u00bb text_content=\u00a0\u00bbPRIVACY POLICY\u00a0\u00bb font_size=\u00a0\u00bb4vw\u00a0\u00bb font_line_height=\u00a0\u00bb0.9&Prime; font_size_tablet=\u00a0\u00bb13vw\u00a0\u00bb font_size_phone=\u00a0\u00bb45px\u00a0\u00bb][\/split_line_heading][divider line_type=\u00a0\u00bbNo Line\u00a0\u00bb custom_height=\u00a0\u00bb40PX\u00a0\u00bb][vc_column_text]\n<div class=\"markdown\">\n<h1>TrevisoHome<\/h1>\n<h2>Politique de confidentialit\u00e9<\/h2>\n<hr \/>\n<ol>\n<li>\n<h3>Objectif<\/h3>\n<\/li>\n<\/ol>\n<p>Cette politique s&rsquo;applique \u00e0 tout traitement des donn\u00e9es personnelles effectu\u00e9 par TrevisoHome et a pour objectif d&rsquo;informer l&rsquo;utilisateur sur la mani\u00e8re dont TrevisoHome traite les donn\u00e9es personnelles (y compris les d\u00e9tails sur le type de donn\u00e9es personnelles collect\u00e9es et l&rsquo;objectif du traitement) ainsi que sur les droits de l&rsquo;utilisateur concernant ses donn\u00e9es personnelles.<\/p>\n<ol start=\"2\">\n<li>\n<h3>Contact \u2013 Comment puis-je vous contacter ?<\/h3>\n<\/li>\n<\/ol>\n<p>Si vous avez des questions concernant la Politique de confidentialit\u00e9, vous pouvez contacter TrevisoHome par les moyens suivants :<\/p>\n<ul>\n<li>Nos bureaux sont situ\u00e9s \u00e0 l&rsquo;adresse suivante : Via Nicola di Fulvio 3 &#8211; 31100 Tr\u00e9vise (TV) &#8211; Italie<\/li>\n<li>Num\u00e9ro de t\u00e9l\u00e9phone : +39 348 609 9284<\/li>\n<\/ul>\n<p>Vous pouvez \u00e9tablir une communication directe et efficace avec TrevisoHome en envoyant un message \u00e9crit \u00e0 l&rsquo;une de nos adresses ou en envoyant un email \u00e0 : info@trevisohome.it.<br \/>\nDe plus, le responsable du traitement de vos donn\u00e9es personnelles est mentionn\u00e9 ci-dessous :<\/p>\n<ul>\n<li><strong>Nom commercial :<\/strong> TrevisoHome<\/li>\n<li><strong>Identit\u00e9 du responsable :<\/strong> TrevisoHome<\/li>\n<li><strong>Adresse :<\/strong> Via Nicola di Fulvio 3 &#8211; 31100 Tr\u00e9vise (TV) &#8211; Italie<\/li>\n<li><strong>Email :<\/strong> info@trevisohome.it<\/li>\n<\/ul>\n<ol start=\"3\">\n<li>\n<h3>Identification du traitement \u2013 Comment collectons-nous les donn\u00e9es personnelles ?<\/h3>\n<\/li>\n<\/ol>\n<p>Conform\u00e9ment aux r\u00e9glementations actuelles sur la protection des donn\u00e9es personnelles, notamment :<\/p>\n<ul>\n<li>R\u00e8glement (UE) 2016\/679 du Parlement europ\u00e9en et du Conseil du 27 avril 2016 relatif \u00e0 la protection des personnes physiques \u00e0 l&rsquo;\u00e9gard du traitement des donn\u00e9es personnelles et \u00e0 la libre circulation de ces donn\u00e9es (ci-apr\u00e8s le \u00ab\u00a0RGPD\u00a0\u00bb).<\/li>\n<\/ul>\n<p>TrevisoHome collecte des donn\u00e9es personnelles lorsque l&rsquo;utilisateur :<\/p>\n<ul>\n<li>(i) Remplit les formulaires sur https:\/\/trevisohome.it\/ (\u00ab\u00a0Site\u00a0\u00bb) ;<\/li>\n<li>(ii) S&rsquo;inscrit \u00e0 la newsletter ;<\/li>\n<li>(iii) R\u00e9pond \u00e0 un sondage ou remplit un formulaire en ligne ;<\/li>\n<li>(iv) Remplit un formulaire papier ;<\/li>\n<li>(v) Envoie un email ou communique par t\u00e9l\u00e9phone, les informations \u00e9tant ensuite saisies dans les formulaires correspondants.<\/li>\n<\/ul>\n<ol start=\"4\">\n<li>\n<h3>Donn\u00e9es personnelles collect\u00e9es &#8211; Quelles donn\u00e9es personnelles collectons-nous ?<\/h3>\n<\/li>\n<\/ol>\n<p>TrevisoHome collecte des informations lors de la visite de son site web, principalement via la compl\u00e9tion de ses formulaires d&rsquo;inscription.<\/p>\n<p>Les donn\u00e9es suivantes sont collect\u00e9es : .<\/p>\n<p>En g\u00e9n\u00e9ral, lorsque des donn\u00e9es personnelles sont demand\u00e9es pour utiliser un service ou acc\u00e9der \u00e0 certains contenus, leur fourniture ne sera pas obligatoire, sauf dans les cas o\u00f9 il est pr\u00e9cis\u00e9 qu&rsquo;elles sont n\u00e9cessaires \u00e0 la fourniture du service. Dans ce cas, l&rsquo;utilisateur peut librement choisir de ne pas s&rsquo;inscrire et\/ou de ne pas contracter les services.<\/p>\n<p>L&rsquo;utilisateur d\u00e9clare et garantit que toutes les donn\u00e9es fournies sont vraies et correctes et s&rsquo;engage \u00e0 les maintenir \u00e0 jour. Les modifications peuvent \u00eatre communiqu\u00e9es au D\u00e9l\u00e9gu\u00e9 \u00e0 la Protection des Donn\u00e9es ou \u00e0 l&rsquo;adresse mentionn\u00e9e dans la section 2 ci-dessous.<\/p>\n<p>De m\u00eame, l&rsquo;utilisateur reconna\u00eet que les donn\u00e9es demand\u00e9es par TrevisoHome sont n\u00e9cessaires, appropri\u00e9es et non excessives pour atteindre les objectifs \u00e9nonc\u00e9s dans la section 5 ci-dessous, qui seraient impossibles \u00e0 atteindre sans ces donn\u00e9es.<\/p>\n<p>Toute fausse d\u00e9claration ou erreur r\u00e9sultant des informations fournies, ainsi que les dommages que ces informations pourraient causer, seront \u00e0 la charge de l&rsquo;utilisateur.<\/p>\n<ol start=\"5\">\n<li>\n<h3>Objectif &#8211; Pourquoi utilisons-nous les donn\u00e9es personnelles ?<\/h3>\n<\/li>\n<\/ol>\n<p>Les donn\u00e9es personnelles demand\u00e9es \u00e0 l&rsquo;utilisateur seront utilis\u00e9es aux fins suivantes :<\/p>\n<ul>\n<li>Fournir notre Service et r\u00e9pondre \u00e0 vos demandes. Nous utilisons vos informations pour fournir et maintenir notre Service, traiter et ex\u00e9cuter vos demandes, communiquer avec vous concernant votre utilisation de notre Service ou ses modifications, r\u00e9pondre \u00e0 vos demandes et \u00e0 d&rsquo;autres fins d&rsquo;assistance \u00e0 la client\u00e8le et d&rsquo;administration d&rsquo;entreprise.<\/li>\n<li>Identification et authentification. Nous pouvons utiliser vos informations \u00e0 des fins d&rsquo;identification et d&rsquo;authentification, par exemple lorsque vous entrez votre identifiant et mot de passe pour acc\u00e9der \u00e0 nos portails d&rsquo;inscription ou de connexion.<\/li>\n<li>Personnalisation. Nous utilisons vos informations pour personnaliser le contenu et les informations que nous pouvons vous envoyer ou afficher, proposer des services bas\u00e9s sur la localisation et adapter votre exp\u00e9rience sur notre Service.<\/li>\n<li>Marketing et promotion. Nous pouvons utiliser vos informations pour vous envoyer des actualit\u00e9s, newsletters et mises \u00e0 jour d&rsquo;\u00e9v\u00e9nements, ainsi que pour vous informer sur de nouvelles fonctionnalit\u00e9s, offres ou produits susceptibles de vous int\u00e9resser.<\/li>\n<li>Recherche et reporting. Nous pouvons utiliser vos informations pour g\u00e9rer des enqu\u00eates et questionnaires \u00e0 des fins de recherche et de reporting afin de mieux r\u00e9pondre aux besoins des utilisateurs et d&rsquo;am\u00e9liorer nos services.<\/li>\n<\/ul>\n<h4>Types de cookies que nous utilisons<\/h4>\n<div class=\"cky-audit-table-element\"><\/div>\n<h4 style=\"margin-bottom: 20px;\">Modifier votre consentement<\/h4>\n<p><a class=\"cky-banner-element\">Param\u00e8tres des cookies<\/a><\/p>\n<ol start=\"16\">\n<li>\n<h3>Approbation<\/h3>\n<\/li>\n<\/ol>\n<p>L&rsquo;utilisation du site par l&rsquo;utilisateur implique la connaissance et l&rsquo;acceptation compl\u00e8te de la politique de confidentialit\u00e9 de TrevisoHome et des conditions g\u00e9n\u00e9rales, si applicables. De m\u00eame, l&rsquo;utilisateur accepte la politique de confidentialit\u00e9 et les conditions g\u00e9n\u00e9rales en compl\u00e9tant une demande de service.<\/p>\n<ol start=\"17\">\n<li>\n<h3>Modifications &#8211; Est-ce la derni\u00e8re version ?<\/h3>\n<\/li>\n<\/ol>\n<p>Ceci est la version actuelle de la politique de confidentialit\u00e9 de TrevisoHome, mise \u00e0 jour le 21 mai 2024.<\/p>\n<p>TrevisoHome peut modifier cette politique de confidentialit\u00e9 \u00e0 tout moment et sans pr\u00e9avis. Ces modifications prendront effet d\u00e8s leur publication sur le site ou lorsqu&rsquo;elles seront communiqu\u00e9es aux utilisateurs par tout moyen, selon la premi\u00e8re occurrence. L&rsquo;utilisateur doit se tenir inform\u00e9 des termes contenus ici en consultant cette section p\u00e9riodiquement.<\/p><\/div>\n[\/vc_column_text][\/vc_column][\/vc_row][vc_row type=\u00a0\u00bbfull_width_content\u00a0\u00bb full_screen_row_position=\u00a0\u00bbmiddle\u00a0\u00bb column_margin=\u00a0\u00bbdefault\u00a0\u00bb column_direction=\u00a0\u00bbdefault\u00a0\u00bb column_direction_tablet=\u00a0\u00bbdefault\u00a0\u00bb column_direction_phone=\u00a0\u00bbdefault\u00a0\u00bb bg_color=\u00a0\u00bb#deefed\u00a0\u00bb scene_position=\u00a0\u00bbcenter\u00a0\u00bb text_color=\u00a0\u00bbdark\u00a0\u00bb text_align=\u00a0\u00bbleft\u00a0\u00bb row_border_radius=\u00a0\u00bbnone\u00a0\u00bb row_border_radius_applies=\u00a0\u00bbbg\u00a0\u00bb overflow=\u00a0\u00bbvisible\u00a0\u00bb class=\u00a0\u00bbfooterWrapper\u00a0\u00bb overlay_strength=\u00a0\u00bb0.3&Prime; gradient_direction=\u00a0\u00bbleft_to_right\u00a0\u00bb shape_divider_position=\u00a0\u00bbbottom\u00a0\u00bb bg_image_animation=\u00a0\u00bbnone\u00a0\u00bb gradient_type=\u00a0\u00bbdefault\u00a0\u00bb shape_type=\u00a0\u00bb\u00a0\u00bb][vc_column column_padding=\u00a0\u00bbpadding-3-percent\u00a0\u00bb column_padding_tablet=\u00a0\u00bbinherit\u00a0\u00bb column_padding_phone=\u00a0\u00bbinherit\u00a0\u00bb column_padding_position=\u00a0\u00bball\u00a0\u00bb column_element_direction_desktop=\u00a0\u00bbdefault\u00a0\u00bb column_element_spacing=\u00a0\u00bbdefault\u00a0\u00bb desktop_text_alignment=\u00a0\u00bbdefault\u00a0\u00bb tablet_text_alignment=\u00a0\u00bbdefault\u00a0\u00bb phone_text_alignment=\u00a0\u00bbdefault\u00a0\u00bb background_color_opacity=\u00a0\u00bb1&Prime; background_hover_color_opacity=\u00a0\u00bb1&Prime; column_backdrop_filter=\u00a0\u00bbnone\u00a0\u00bb column_shadow=\u00a0\u00bbnone\u00a0\u00bb column_border_radius=\u00a0\u00bbnone\u00a0\u00bb column_link_target=\u00a0\u00bb_self\u00a0\u00bb column_position=\u00a0\u00bbdefault\u00a0\u00bb el_class=\u00a0\u00bblogoWrapper\u00a0\u00bb gradient_direction=\u00a0\u00bbleft_to_right\u00a0\u00bb overlay_strength=\u00a0\u00bb0.3&Prime; width=\u00a0\u00bb1\/2&Prime; tablet_width_inherit=\u00a0\u00bbdefault\u00a0\u00bb animation_type=\u00a0\u00bbdefault\u00a0\u00bb bg_image_animation=\u00a0\u00bbnone\u00a0\u00bb border_type=\u00a0\u00bbadvanced\u00a0\u00bb border_right_desktop=\u00a0\u00bb1px\u00a0\u00bb border_right_tablet=\u00a0\u00bb1px\u00a0\u00bb column_border_color=\u00a0\u00bb#ffffff\u00a0\u00bb column_border_style=\u00a0\u00bbsolid\u00a0\u00bb column_padding_type=\u00a0\u00bbdefault\u00a0\u00bb gradient_type=\u00a0\u00bbdefault\u00a0\u00bb][vc_column_inner column_padding=\u00a0\u00bbno-extra-padding\u00a0\u00bb column_padding_tablet=\u00a0\u00bbinherit\u00a0\u00bb column_padding_phone=\u00a0\u00bbinherit\u00a0\u00bb column_padding_position=\u00a0\u00bball\u00a0\u00bb column_element_direction_desktop=\u00a0\u00bbdefault\u00a0\u00bb column_element_spacing=\u00a0\u00bb0px\u00a0\u00bb desktop_text_alignment=\u00a0\u00bbdefault\u00a0\u00bb tablet_text_alignment=\u00a0\u00bbdefault\u00a0\u00bb phone_text_alignment=\u00a0\u00bbdefault\u00a0\u00bb background_color_opacity=\u00a0\u00bb1&Prime; background_hover_color_opacity=\u00a0\u00bb1&Prime; column_backdrop_filter=\u00a0\u00bbnone\u00a0\u00bb column_shadow=\u00a0\u00bbnone\u00a0\u00bb column_border_radius=\u00a0\u00bbnone\u00a0\u00bb column_link_target=\u00a0\u00bb_self\u00a0\u00bb overflow=\u00a0\u00bbvisible\u00a0\u00bb gradient_direction=\u00a0\u00bbleft_to_right\u00a0\u00bb overlay_strength=\u00a0\u00bb0.3&Prime; width=\u00a0\u00bb1\/2&Prime; tablet_width_inherit=\u00a0\u00bbdefault\u00a0\u00bb animation_type=\u00a0\u00bbdefault\u00a0\u00bb bg_image_animation=\u00a0\u00bbnone\u00a0\u00bb border_type=\u00a0\u00bbsimple\u00a0\u00bb column_border_width=\u00a0\u00bbnone\u00a0\u00bb column_border_style=\u00a0\u00bbsolid\u00a0\u00bb][image_with_animation image_url=\u00a0\u00bb619&Prime; image_size=\u00a0\u00bbfull\u00a0\u00bb animation_type=\u00a0\u00bbentrance\u00a0\u00bb animation=\u00a0\u00bbNone\u00a0\u00bb animation_movement_type=\u00a0\u00bbtransform_y\u00a0\u00bb hover_animation=\u00a0\u00bbnone\u00a0\u00bb alignment=\u00a0\u00bb\u00a0\u00bb border_radius=\u00a0\u00bbnone\u00a0\u00bb box_shadow=\u00a0\u00bbnone\u00a0\u00bb image_loading=\u00a0\u00bbdefault\u00a0\u00bb max_width=\u00a0\u00bb100%\u00a0\u00bb max_width_mobile=\u00a0\u00bbdefault\u00a0\u00bb][\/vc_column_inner][vc_column_inner column_padding=\u00a0\u00bbno-extra-padding\u00a0\u00bb column_padding_tablet=\u00a0\u00bbinherit\u00a0\u00bb column_padding_phone=\u00a0\u00bbinherit\u00a0\u00bb column_padding_position=\u00a0\u00bball\u00a0\u00bb column_element_direction_desktop=\u00a0\u00bbdefault\u00a0\u00bb column_element_spacing=\u00a0\u00bbdefault\u00a0\u00bb desktop_text_alignment=\u00a0\u00bbdefault\u00a0\u00bb tablet_text_alignment=\u00a0\u00bbdefault\u00a0\u00bb phone_text_alignment=\u00a0\u00bbdefault\u00a0\u00bb background_color_opacity=\u00a0\u00bb1&Prime; background_hover_color_opacity=\u00a0\u00bb1&Prime; column_backdrop_filter=\u00a0\u00bbnone\u00a0\u00bb column_shadow=\u00a0\u00bbnone\u00a0\u00bb column_border_radius=\u00a0\u00bbnone\u00a0\u00bb column_link_target=\u00a0\u00bb_self\u00a0\u00bb overflow=\u00a0\u00bbvisible\u00a0\u00bb gradient_direction=\u00a0\u00bbleft_to_right\u00a0\u00bb overlay_strength=\u00a0\u00bb0.3&Prime; width=\u00a0\u00bb1\/3&Prime; tablet_width_inherit=\u00a0\u00bbsmall_desktop\u00a0\u00bb animation_type=\u00a0\u00bbdefault\u00a0\u00bb bg_image_animation=\u00a0\u00bbnone\u00a0\u00bb border_type=\u00a0\u00bbsimple\u00a0\u00bb column_border_width=\u00a0\u00bbnone\u00a0\u00bb column_border_style=\u00a0\u00bbsolid\u00a0\u00bb][vc_column_text]\n<div>\n<h4><strong>Nous contacter<\/strong><\/h4>\n<p>Tel. +39 348 609 9284<br \/>\n<a style=\"text-transform: none;\" href=\"mailto:info@trevisohome.it\">info@trevisohome.it<\/a><\/p>\n<p><a href=\"https:\/\/www.instagram.com\/trevisohome\/\">Instagram<\/a><br \/>\n<a style=\"text-transform: none;\" href=\"https:\/\/www.facebook.com\/trevisohome\">Facebook<\/a><\/div>\n[\/vc_column_text][\/vc_column_inner][\/vc_column][vc_column column_padding=\u00a0\u00bbpadding-3-percent\u00a0\u00bb column_padding_tablet=\u00a0\u00bbinherit\u00a0\u00bb column_padding_phone=\u00a0\u00bbinherit\u00a0\u00bb column_padding_position=\u00a0\u00bball\u00a0\u00bb column_element_direction_desktop=\u00a0\u00bbdefault\u00a0\u00bb column_element_spacing=\u00a0\u00bbdefault\u00a0\u00bb desktop_text_alignment=\u00a0\u00bbdefault\u00a0\u00bb tablet_text_alignment=\u00a0\u00bbdefault\u00a0\u00bb phone_text_alignment=\u00a0\u00bbdefault\u00a0\u00bb background_color_opacity=\u00a0\u00bb1&Prime; background_hover_color_opacity=\u00a0\u00bb1&Prime; column_backdrop_filter=\u00a0\u00bbnone\u00a0\u00bb column_shadow=\u00a0\u00bbnone\u00a0\u00bb column_border_radius=\u00a0\u00bbnone\u00a0\u00bb column_link_target=\u00a0\u00bb_self\u00a0\u00bb column_position=\u00a0\u00bbdefault\u00a0\u00bb gradient_direction=\u00a0\u00bbleft_to_right\u00a0\u00bb overlay_strength=\u00a0\u00bb0.3&Prime; width=\u00a0\u00bb1\/2&Prime; tablet_width_inherit=\u00a0\u00bbdefault\u00a0\u00bb animation_type=\u00a0\u00bbdefault\u00a0\u00bb bg_image_animation=\u00a0\u00bbnone\u00a0\u00bb border_type=\u00a0\u00bbsimple\u00a0\u00bb column_border_width=\u00a0\u00bbnone\u00a0\u00bb column_border_style=\u00a0\u00bbsolid\u00a0\u00bb column_padding_type=\u00a0\u00bbdefault\u00a0\u00bb gradient_type=\u00a0\u00bbdefault\u00a0\u00bb][vc_row_inner column_margin=\u00a0\u00bb90px\u00a0\u00bb column_direction=\u00a0\u00bbdefault\u00a0\u00bb column_direction_tablet=\u00a0\u00bbdefault\u00a0\u00bb column_direction_phone=\u00a0\u00bbdefault\u00a0\u00bb top_padding=\u00a0\u00bb15%\u00a0\u00bb constrain_group_1=\u00a0\u00bbyes\u00a0\u00bb bottom_padding=\u00a0\u00bb15%\u00a0\u00bb top_padding_tablet=\u00a0\u00bb15%\u00a0\u00bb bottom_padding_tablet=\u00a0\u00bb10%\u00a0\u00bb text_align=\u00a0\u00bbleft\u00a0\u00bb row_position=\u00a0\u00bbdefault\u00a0\u00bb row_position_tablet=\u00a0\u00bbinherit\u00a0\u00bb row_position_phone=\u00a0\u00bbinherit\u00a0\u00bb class=\u00a0\u00bbformWrapper\u00a0\u00bb overflow=\u00a0\u00bbvisible\u00a0\u00bb pointer_events=\u00a0\u00bball\u00a0\u00bb][vc_column_inner column_padding=\u00a0\u00bbno-extra-padding\u00a0\u00bb column_padding_tablet=\u00a0\u00bbinherit\u00a0\u00bb column_padding_phone=\u00a0\u00bbinherit\u00a0\u00bb column_padding_position=\u00a0\u00bball\u00a0\u00bb column_element_direction_desktop=\u00a0\u00bbdefault\u00a0\u00bb column_element_spacing=\u00a0\u00bbdefault\u00a0\u00bb desktop_text_alignment=\u00a0\u00bbdefault\u00a0\u00bb tablet_text_alignment=\u00a0\u00bbdefault\u00a0\u00bb phone_text_alignment=\u00a0\u00bbdefault\u00a0\u00bb background_color_opacity=\u00a0\u00bb1&Prime; background_hover_color_opacity=\u00a0\u00bb1&Prime; column_backdrop_filter=\u00a0\u00bbnone\u00a0\u00bb column_shadow=\u00a0\u00bbnone\u00a0\u00bb column_border_radius=\u00a0\u00bbnone\u00a0\u00bb column_link_target=\u00a0\u00bb_self\u00a0\u00bb overflow=\u00a0\u00bbvisible\u00a0\u00bb gradient_direction=\u00a0\u00bbleft_to_right\u00a0\u00bb overlay_strength=\u00a0\u00bb0.3&Prime; width=\u00a0\u00bb1\/1&Prime; tablet_width_inherit=\u00a0\u00bbdefault\u00a0\u00bb animation_type=\u00a0\u00bbdefault\u00a0\u00bb bg_image_animation=\u00a0\u00bbnone\u00a0\u00bb border_type=\u00a0\u00bbsimple\u00a0\u00bb column_border_width=\u00a0\u00bbnone\u00a0\u00bb column_border_style=\u00a0\u00bbsolid\u00a0\u00bb][vc_column_text max_width=\u00a0\u00bb500&Prime;]\n<h2 class=\"ui header has-no-margin\">S&rsquo;inscrire \u00e0 notre newsletter<\/h2>\n[\/vc_column_text][vc_column_text]<form action=\"https:\/\/www.trevisohome.it\/fr\/wp-json\/ws-form\/v1\/submit\" class=\"wsf-form wsf-form-canvas\" id=\"ws-form-1\" data-id=\"7\" data-instance-id=\"1\" method=\"POST\"><\/form>[\/vc_column_text][\/vc_column_inner][\/vc_row_inner][\/vc_column][\/vc_row]\n","protected":false},"excerpt":{"rendered":"<p>[vc_row type=\u00a0\u00bbfull_width_background\u00a0\u00bb full_screen_row_position=\u00a0\u00bbmiddle\u00a0\u00bb column_margin=\u00a0\u00bbdefault\u00a0\u00bb column_direction=\u00a0\u00bbdefault\u00a0\u00bb column_direction_tablet=\u00a0\u00bbdefault\u00a0\u00bb column_direction_phone=\u00a0\u00bbdefault\u00a0\u00bb bg_color=\u00a0\u00bb#ffffff\u00a0\u00bb scene_position=\u00a0\u00bbcenter\u00a0\u00bb top_padding=\u00a0\u00bb3%\u00a0\u00bb constrain_group_1=\u00a0\u00bbyes\u00a0\u00bb bottom_padding=\u00a0\u00bb3%\u00a0\u00bb text_color=\u00a0\u00bbdark\u00a0\u00bb text_align=\u00a0\u00bbleft\u00a0\u00bb row_border_radius=\u00a0\u00bbnone\u00a0\u00bb row_border_radius_applies=\u00a0\u00bbbg\u00a0\u00bb overflow=\u00a0\u00bbvisible\u00a0\u00bb overlay_strength=\u00a0\u00bb0.3&Prime;&#8230;<\/p>\n","protected":false},"author":1,"featured_media":0,"parent":0,"menu_order":0,"comment_status":"closed","ping_status":"open","template":"","meta":{"_seopress_robots_primary_cat":"","_seopress_titles_title":"","_seopress_titles_desc":"","_seopress_robots_index":"","footnotes":""},"_links":{"self":[{"href":"https:\/\/www.trevisohome.it\/fr\/wp-json\/wp\/v2\/pages\/2187"}],"collection":[{"href":"https:\/\/www.trevisohome.it\/fr\/wp-json\/wp\/v2\/pages"}],"about":[{"href":"https:\/\/www.trevisohome.it\/fr\/wp-json\/wp\/v2\/types\/page"}],"author":[{"embeddable":true,"href":"https:\/\/www.trevisohome.it\/fr\/wp-json\/wp\/v2\/users\/1"}],"replies":[{"embeddable":true,"href":"https:\/\/www.trevisohome.it\/fr\/wp-json\/wp\/v2\/comments?post=2187"}],"version-history":[{"count":6,"href":"https:\/\/www.trevisohome.it\/fr\/wp-json\/wp\/v2\/pages\/2187\/revisions"}],"predecessor-version":[{"id":3068,"href":"https:\/\/www.trevisohome.it\/fr\/wp-json\/wp\/v2\/pages\/2187\/revisions\/3068"}],"wp:attachment":[{"href":"https:\/\/www.trevisohome.it\/fr\/wp-json\/wp\/v2\/media?parent=2187"}],"curies":[{"name":"wp","href":"https:\/\/api.w.org\/{rel}","templated":true}]}}